{"id":1249,"date":"2025-05-27T17:11:30","date_gmt":"2025-05-27T15:11:30","guid":{"rendered":"https:\/\/ovnak.com\/?page_id=1249"},"modified":"2025-05-27T18:01:01","modified_gmt":"2025-05-27T16:01:01","slug":"about-us-2","status":"publish","type":"page","link":"https:\/\/ovnak.com\/en\/about-us-2\/","title":{"rendered":"About us"},"content":{"rendered":"\n<p>The company Ovnak is a leading distribution company in Bosnia and Herzegovina. The company is specialized in cosmetics, chemical products and fast-moving consumer goods for households. Our company works with over fifty brands and a wide range of products and services, enabling us to meet diverse consumer needs.<\/p>\n\n\n\n<p>Ovnak Distribution, as part of the Ovnak Group, which also includes car dealerships (Citro\u00ebn, Peugeot, Dacia, Renault, VW), two petrol stations, and a farm, builds its business strategy on a marketing-oriented approach to the market.<\/p>\n\n\n\n<p>One of the key factors for success is our ability to efficiently manage the supply chain. Our operations are diversified across multiple industries, and our efficiency and flexibility are the result of strategic planning, continuous employee training, and ongoing investment in knowledge development and the implementation of innovative technological solutions.<\/p>\n\n\n\n<div style=\"height:15px\" aria-hidden=\"true\" class=\"wp-block-spacer\"><\/div>\n\n\n\n<h2 class=\"wp-block-heading\">Foto galery<\/h2>\n\n\n\n<div style=\"height:10px\" aria-hidden=\"true\" class=\"wp-block-spacer\"><\/div>\n\n\n\n<figure class=\"wp-block-gallery has-nested-images columns-3 is-cropped wp-block-gallery-1 is-layout-flex wp-block-gallery-is-layout-flex\">\n<figure class=\"wp-block-image size-full is-style-default\"><a href=\"https:\/\/ovnak.com\/wp-content\/uploads\/2024\/02\/ovnak-sjediste-1.jpg\"><img fetchpriority=\"high\" decoding=\"async\" width=\"900\" height=\"600\" data-id=\"789\" src=\"https:\/\/ovnak.com\/wp-content\/uploads\/2024\/02\/ovnak-sjediste-1.jpg\" alt=\"\" class=\"wp-image-789\" srcset=\"https:\/\/ovnak.com\/wp-content\/uploads\/2024\/02\/ovnak-sjediste-1.jpg 900w, https:\/\/ovnak.com\/wp-content\/uploads\/2024\/02\/ovnak-sjediste-1-600x400.jpg 600w, https:\/\/ovnak.com\/wp-content\/uploads\/2024\/02\/ovnak-sjediste-1-320x213.jpg 320w\" sizes=\"(max-width: 900px) 100vw, 900px\" \/><\/a><\/figure>\n\n\n\n<figure class=\"wp-block-image size-large\"><a href=\"https:\/\/ovnak.com\/wp-content\/uploads\/2023\/12\/fg-ovnak3.jpg\"><img decoding=\"async\" width=\"900\" height=\"600\" data-id=\"388\" src=\"https:\/\/ovnak.com\/wp-content\/uploads\/2023\/12\/fg-ovnak3.jpg\" alt=\"\" class=\"wp-image-388\" srcset=\"https:\/\/ovnak.com\/wp-content\/uploads\/2023\/12\/fg-ovnak3.jpg 900w, https:\/\/ovnak.com\/wp-content\/uploads\/2023\/12\/fg-ovnak3-600x400.jpg 600w, https:\/\/ovnak.com\/wp-content\/uploads\/2023\/12\/fg-ovnak3-320x213.jpg 320w\" sizes=\"(max-width: 900px) 100vw, 900px\" \/><\/a><\/figure>\n\n\n\n<figure class=\"wp-block-image size-large\"><a href=\"https:\/\/ovnak.com\/wp-content\/uploads\/2023\/12\/fg-ovnak7.jpg\"><img decoding=\"async\" width=\"900\" height=\"600\" data-id=\"391\" src=\"https:\/\/ovnak.com\/wp-content\/uploads\/2023\/12\/fg-ovnak7.jpg\" alt=\"\" class=\"wp-image-391\" srcset=\"https:\/\/ovnak.com\/wp-content\/uploads\/2023\/12\/fg-ovnak7.jpg 900w, https:\/\/ovnak.com\/wp-content\/uploads\/2023\/12\/fg-ovnak7-600x400.jpg 600w, https:\/\/ovnak.com\/wp-content\/uploads\/2023\/12\/fg-ovnak7-320x213.jpg 320w\" sizes=\"(max-width: 900px) 100vw, 900px\" \/><\/a><\/figure>\n\n\n\n<figure class=\"wp-block-image size-large\"><a href=\"https:\/\/ovnak.com\/wp-content\/uploads\/2023\/12\/fg-ovnak5.jpg\"><img loading=\"lazy\" decoding=\"async\" width=\"900\" height=\"600\" data-id=\"386\" src=\"https:\/\/ovnak.com\/wp-content\/uploads\/2023\/12\/fg-ovnak5.jpg\" alt=\"\" class=\"wp-image-386\" srcset=\"https:\/\/ovnak.com\/wp-content\/uploads\/2023\/12\/fg-ovnak5.jpg 900w, https:\/\/ovnak.com\/wp-content\/uploads\/2023\/12\/fg-ovnak5-600x400.jpg 600w, https:\/\/ovnak.com\/wp-content\/uploads\/2023\/12\/fg-ovnak5-320x213.jpg 320w\" sizes=\"(max-width: 900px) 100vw, 900px\" \/><\/a><\/figure>\n\n\n\n<figure class=\"wp-block-image size-large\"><a href=\"https:\/\/ovnak.com\/wp-content\/uploads\/2023\/12\/fg-ovnak4.jpg\"><img loading=\"lazy\" decoding=\"async\" width=\"900\" height=\"600\" data-id=\"387\" src=\"https:\/\/ovnak.com\/wp-content\/uploads\/2023\/12\/fg-ovnak4.jpg\" alt=\"\" class=\"wp-image-387\" srcset=\"https:\/\/ovnak.com\/wp-content\/uploads\/2023\/12\/fg-ovnak4.jpg 900w, https:\/\/ovnak.com\/wp-content\/uploads\/2023\/12\/fg-ovnak4-600x400.jpg 600w, https:\/\/ovnak.com\/wp-content\/uploads\/2023\/12\/fg-ovnak4-320x213.jpg 320w\" sizes=\"(max-width: 900px) 100vw, 900px\" \/><\/a><\/figure>\n<\/figure>\n\n\n\n<div style=\"height:30px\" aria-hidden=\"true\" class=\"wp-block-spacer\"><\/div>\n\n\n\n<p><strong>Mission<\/strong><\/p>\n\n\n\n<p>Our mission is continuous advancement in the distribution and sale of products and services that are part of our business activities. Providing products that meet the demands of the modern market and maintaining excellence across all business channels, with the customer at the center of everything we do.<\/p>\n\n\n\n<p><strong>Vision<\/strong><br>Our vision is to achieve long-term market impact through innovation, sustainability, and excellence in the delivery of services and products. Also, our vision is to be the best at what we do and to ensure long-term supply for our clients through strong partnerships and effective business solutions in the marketplace.<\/p>\n\n\n\n<div style=\"height:15px\" aria-hidden=\"true\" class=\"wp-block-spacer\"><\/div>\n\n\n\n<p>OVNAK d.o.o. Vitez<\/p>\n","protected":false},"excerpt":{"rendered":"<p>The company Ovnak is a leading distribution company in Bosnia and Herzegovina. The company is specialized in cosmetics, chemical products<\/p>\n<p><a class=\"read-more\" href=\"https:\/\/ovnak.com\/en\/about-us-2\/\">Op\u0161irnije&#8230;<\/a><\/p>\n","protected":false},"author":4,"featured_media":0,"parent":0,"menu_order":0,"comment_status":"closed","ping_status":"closed","template":"","meta":{"_acf_changed":false,"footnotes":""},"class_list":["post-1249","page","type-page","status-publish","hentry"],"acf":[],"yoast_head":"<!-- This site is optimized with the Yoast SEO Premium plugin v27.2 (Yoast SEO v27.2) - https:\/\/yoast.com\/product\/yoast-seo-premium-wordpress\/ -->\n<title>About us - Ovnak d.o.o. Vitez<\/title>\n<meta name=\"robots\" content=\"index, follow, max-snippet:-1, max-image-preview:large, max-video-preview:-1\" \/>\n<link rel=\"canonical\" href=\"https:\/\/ovnak.com\/en\/about-us-2\/\" \/>\n<meta property=\"og:locale\" content=\"en_US\" \/>\n<meta property=\"og:type\" content=\"article\" \/>\n<meta property=\"og:title\" content=\"About us\" \/>\n<meta property=\"og:description\" content=\"The company Ovnak is a leading distribution company in Bosnia and Herzegovina. The company is specialized in cosmetics, chemical productsOp\u0161irnije...\" \/>\n<meta property=\"og:url\" content=\"https:\/\/ovnak.com\/en\/about-us-2\/\" \/>\n<meta property=\"og:site_name\" content=\"Ovnak d.o.o. Vitez\" \/>\n<meta property=\"article:publisher\" content=\"https:\/\/www.facebook.com\/OvnakBrandovi\/\" \/>\n<meta property=\"article:modified_time\" content=\"2025-05-27T16:01:01+00:00\" \/>\n<meta property=\"og:image\" content=\"https:\/\/ovnak.com\/wp-content\/uploads\/2024\/02\/ovnak-sjediste-1.jpg\" \/>\n\t<meta property=\"og:image:width\" content=\"900\" \/>\n\t<meta property=\"og:image:height\" content=\"600\" \/>\n\t<meta property=\"og:image:type\" content=\"image\/jpeg\" \/>\n<meta name=\"twitter:card\" content=\"summary_large_image\" \/>\n<meta name=\"twitter:label1\" content=\"Est. reading time\" \/>\n\t<meta name=\"twitter:data1\" content=\"3 minutes\" \/>\n<script type=\"application\/ld+json\" class=\"yoast-schema-graph\">{\"@context\":\"https:\/\/schema.org\",\"@graph\":[{\"@type\":\"WebPage\",\"@id\":\"https:\/\/ovnak.com\/en\/about-us-2\/\",\"url\":\"https:\/\/ovnak.com\/en\/about-us-2\/\",\"name\":\"About us - Ovnak d.o.o. Vitez\",\"isPartOf\":{\"@id\":\"https:\/\/ovnak.com\/#website\"},\"primaryImageOfPage\":{\"@id\":\"https:\/\/ovnak.com\/en\/about-us-2\/#primaryimage\"},\"image\":{\"@id\":\"https:\/\/ovnak.com\/en\/about-us-2\/#primaryimage\"},\"thumbnailUrl\":\"https:\/\/ovnak.com\/wp-content\/uploads\/2024\/02\/ovnak-sjediste-1.jpg\",\"datePublished\":\"2025-05-27T15:11:30+00:00\",\"dateModified\":\"2025-05-27T16:01:01+00:00\",\"breadcrumb\":{\"@id\":\"https:\/\/ovnak.com\/en\/about-us-2\/#breadcrumb\"},\"inLanguage\":\"en-US\",\"potentialAction\":[{\"@type\":\"ReadAction\",\"target\":[\"https:\/\/ovnak.com\/en\/about-us-2\/\"]}]},{\"@type\":\"ImageObject\",\"inLanguage\":\"en-US\",\"@id\":\"https:\/\/ovnak.com\/en\/about-us-2\/#primaryimage\",\"url\":\"https:\/\/ovnak.com\/wp-content\/uploads\/2024\/02\/ovnak-sjediste-1.jpg\",\"contentUrl\":\"https:\/\/ovnak.com\/wp-content\/uploads\/2024\/02\/ovnak-sjediste-1.jpg\"},{\"@type\":\"BreadcrumbList\",\"@id\":\"https:\/\/ovnak.com\/en\/about-us-2\/#breadcrumb\",\"itemListElement\":[{\"@type\":\"ListItem\",\"position\":1,\"name\":\"Po\u010detna stranica\",\"item\":\"https:\/\/ovnak.com\/\"},{\"@type\":\"ListItem\",\"position\":2,\"name\":\"About us\"}]},{\"@type\":\"WebSite\",\"@id\":\"https:\/\/ovnak.com\/#website\",\"url\":\"https:\/\/ovnak.com\/\",\"name\":\"Ovnak d.o.o. Vitez\",\"description\":\"Uvoz i distribucija kozmeti\u010dkih proizvoda i roba \u0161iroke potro\u0161nje za ku\u0107anstva\",\"potentialAction\":[{\"@type\":\"SearchAction\",\"target\":{\"@type\":\"EntryPoint\",\"urlTemplate\":\"https:\/\/ovnak.com\/?s={search_term_string}\"},\"query-input\":{\"@type\":\"PropertyValueSpecification\",\"valueRequired\":true,\"valueName\":\"search_term_string\"}}],\"inLanguage\":\"en-US\"}]}<\/script>\n<!-- \/ Yoast SEO Premium plugin. -->","yoast_head_json":{"title":"About us - Ovnak d.o.o. Vitez","robots":{"index":"index","follow":"follow","max-snippet":"max-snippet:-1","max-image-preview":"max-image-preview:large","max-video-preview":"max-video-preview:-1"},"canonical":"https:\/\/ovnak.com\/en\/about-us-2\/","og_locale":"en_US","og_type":"article","og_title":"About us","og_description":"The company Ovnak is a leading distribution company in Bosnia and Herzegovina. The company is specialized in cosmetics, chemical productsOp\u0161irnije...","og_url":"https:\/\/ovnak.com\/en\/about-us-2\/","og_site_name":"Ovnak d.o.o. Vitez","article_publisher":"https:\/\/www.facebook.com\/OvnakBrandovi\/","article_modified_time":"2025-05-27T16:01:01+00:00","og_image":[{"width":900,"height":600,"url":"https:\/\/ovnak.com\/wp-content\/uploads\/2024\/02\/ovnak-sjediste-1.jpg","type":"image\/jpeg"}],"twitter_card":"summary_large_image","twitter_misc":{"Est. reading time":"3 minutes"},"schema":{"@context":"https:\/\/schema.org","@graph":[{"@type":"WebPage","@id":"https:\/\/ovnak.com\/en\/about-us-2\/","url":"https:\/\/ovnak.com\/en\/about-us-2\/","name":"About us - Ovnak d.o.o. Vitez","isPartOf":{"@id":"https:\/\/ovnak.com\/#website"},"primaryImageOfPage":{"@id":"https:\/\/ovnak.com\/en\/about-us-2\/#primaryimage"},"image":{"@id":"https:\/\/ovnak.com\/en\/about-us-2\/#primaryimage"},"thumbnailUrl":"https:\/\/ovnak.com\/wp-content\/uploads\/2024\/02\/ovnak-sjediste-1.jpg","datePublished":"2025-05-27T15:11:30+00:00","dateModified":"2025-05-27T16:01:01+00:00","breadcrumb":{"@id":"https:\/\/ovnak.com\/en\/about-us-2\/#breadcrumb"},"inLanguage":"en-US","potentialAction":[{"@type":"ReadAction","target":["https:\/\/ovnak.com\/en\/about-us-2\/"]}]},{"@type":"ImageObject","inLanguage":"en-US","@id":"https:\/\/ovnak.com\/en\/about-us-2\/#primaryimage","url":"https:\/\/ovnak.com\/wp-content\/uploads\/2024\/02\/ovnak-sjediste-1.jpg","contentUrl":"https:\/\/ovnak.com\/wp-content\/uploads\/2024\/02\/ovnak-sjediste-1.jpg"},{"@type":"BreadcrumbList","@id":"https:\/\/ovnak.com\/en\/about-us-2\/#breadcrumb","itemListElement":[{"@type":"ListItem","position":1,"name":"Po\u010detna stranica","item":"https:\/\/ovnak.com\/"},{"@type":"ListItem","position":2,"name":"About us"}]},{"@type":"WebSite","@id":"https:\/\/ovnak.com\/#website","url":"https:\/\/ovnak.com\/","name":"Ovnak d.o.o. Vitez","description":"Uvoz i distribucija kozmeti\u010dkih proizvoda i roba \u0161iroke potro\u0161nje za ku\u0107anstva","potentialAction":[{"@type":"SearchAction","target":{"@type":"EntryPoint","urlTemplate":"https:\/\/ovnak.com\/?s={search_term_string}"},"query-input":{"@type":"PropertyValueSpecification","valueRequired":true,"valueName":"search_term_string"}}],"inLanguage":"en-US"}]}},"_links":{"self":[{"href":"https:\/\/ovnak.com\/en\/wp-json\/wp\/v2\/pages\/1249","targetHints":{"allow":["GET"]}}],"collection":[{"href":"https:\/\/ovnak.com\/en\/wp-json\/wp\/v2\/pages"}],"about":[{"href":"https:\/\/ovnak.com\/en\/wp-json\/wp\/v2\/types\/page"}],"author":[{"embeddable":true,"href":"https:\/\/ovnak.com\/en\/wp-json\/wp\/v2\/users\/4"}],"replies":[{"embeddable":true,"href":"https:\/\/ovnak.com\/en\/wp-json\/wp\/v2\/comments?post=1249"}],"version-history":[{"count":2,"href":"https:\/\/ovnak.com\/en\/wp-json\/wp\/v2\/pages\/1249\/revisions"}],"predecessor-version":[{"id":1280,"href":"https:\/\/ovnak.com\/en\/wp-json\/wp\/v2\/pages\/1249\/revisions\/1280"}],"wp:attachment":[{"href":"https:\/\/ovnak.com\/en\/wp-json\/wp\/v2\/media?parent=1249"}],"curies":[{"name":"wp","href":"https:\/\/api.w.org\/{rel}","templated":true}]}}