{"id":1278,"date":"2025-05-27T18:00:16","date_gmt":"2025-05-27T16:00:16","guid":{"rendered":"https:\/\/ovnak.com\/?page_id=1278"},"modified":"2025-05-27T18:00:29","modified_gmt":"2025-05-27T16:00:29","slug":"contact","status":"publish","type":"page","link":"https:\/\/ovnak.com\/en\/contact\/","title":{"rendered":"Contact"},"content":{"rendered":"\n<div class=\"wp-block-columns is-layout-flex wp-container-core-columns-is-layout-9d6595d7 wp-block-columns-is-layout-flex\">\n<div class=\"wp-block-column is-layout-flow wp-block-column-is-layout-flow\">\n<p><strong>OVNAK Ltd.<\/strong>, Business center PC-96\/2,\u00a0Vitez<br><strong><strong>Phone<\/strong>:<\/strong> +387 30 709 800 <br><strong><strong>Fax<\/strong>:<\/strong> +387 30 709 803<br><strong><strong>Web page<\/strong>:<\/strong> <a href=\"https:\/\/www.ovnak.com\">www.ovnak.com<\/a><br><strong><strong>Email address<\/strong>:<\/strong> <a href=\"mailto:ovnak@ovnak.com\">ovnak@ovnak.com<\/a><\/p>\n<\/div>\n\n\n\n<div class=\"wp-block-column is-layout-flow wp-block-column-is-layout-flow\">\n<p><strong>ID <strong>number<\/strong>:<\/strong> 4236089870001 <br><strong><strong>VAT number<\/strong>:<\/strong> 236089870001<br><strong>Unicredit Bank:<\/strong> 3382502200015431<br><strong>Raiffaisen bank:<\/strong> 1610700000310085<br><strong>Sparkasse bank:<\/strong> 1990520080106574<\/p>\n<\/div>\n<\/div>\n\n\n\n<h2 class=\"wp-block-heading\">Contact form<\/h2>\n\n\n\n<div class=\"wp-block-contact-form-7-contact-form-selector\">\n<div class=\"wpcf7 no-js\" id=\"wpcf7-f6-o1\" lang=\"hr\" dir=\"ltr\" data-wpcf7-id=\"6\">\n<div class=\"screen-reader-response\"><p role=\"status\" aria-live=\"polite\" aria-atomic=\"true\"><\/p> <ul><\/ul><\/div>\n<form action=\"\/en\/wp-json\/wp\/v2\/pages\/1278#wpcf7-f6-o1\" method=\"post\" class=\"wpcf7-form init\" aria-label=\"Kontakt obrazac\" novalidate=\"novalidate\" data-status=\"init\">\n<fieldset class=\"hidden-fields-container\"><input type=\"hidden\" name=\"_wpcf7\" value=\"6\" \/><input type=\"hidden\" name=\"_wpcf7_version\" value=\"6.1.5\" \/><input type=\"hidden\" name=\"_wpcf7_locale\" value=\"hr\" \/><input type=\"hidden\" name=\"_wpcf7_unit_tag\" value=\"wpcf7-f6-o1\" \/><input type=\"hidden\" name=\"_wpcf7_container_post\" value=\"0\" \/><input type=\"hidden\" name=\"_wpcf7_posted_data_hash\" value=\"\" \/>\n<\/fieldset>\n<div class=\"row\">\n\t<div class=\"col-md-12\">\n\t\t<p><span class=\"wpcf7-form-control-wrap\" data-name=\"your-name\"><input size=\"40\" maxlength=\"400\" class=\"wpcf7-form-control wpcf7-text wpcf7-validates-as-required\" aria-required=\"true\" aria-invalid=\"false\" placeholder=\"Ime i prezime *\" value=\"\" type=\"text\" name=\"your-name\" \/><\/span>\n\t\t<\/p>\n\t\t<p><span class=\"wpcf7-form-control-wrap\" data-name=\"your-email\"><input size=\"40\" maxlength=\"400\" class=\"wpcf7-form-control wpcf7-email wpcf7-validates-as-required wpcf7-text wpcf7-validates-as-email\" aria-required=\"true\" aria-invalid=\"false\" placeholder=\"E-mail *\" value=\"\" type=\"email\" name=\"your-email\" \/><\/span>\n\t\t<\/p>\n\t\t<p><span class=\"wpcf7-form-control-wrap\" data-name=\"your-phone\"><input size=\"40\" maxlength=\"400\" class=\"wpcf7-form-control wpcf7-text wpcf7-validates-as-required\" aria-required=\"true\" aria-invalid=\"false\" placeholder=\"Telefon \/ mobitel *\" value=\"\" type=\"text\" name=\"your-phone\" \/><\/span>\n\t\t<\/p>\n\t\t<p><span class=\"wpcf7-form-control-wrap\" data-name=\"your-message\"><textarea cols=\"40\" rows=\"10\" maxlength=\"2000\" class=\"wpcf7-form-control wpcf7-textarea\" aria-invalid=\"false\" placeholder=\"Poruka \/ upit\" name=\"your-message\"><\/textarea><\/span>\n\t\t<\/p>\n\t\t<p><span class=\"wpcf7-form-control-wrap\" data-name=\"random-math-quiz\"><label><span class=\"wpcf7-quiz-label\">9+2=?<\/span> <input size=\"40\" class=\"wpcf7-form-control wpcf7-quiz\" autocomplete=\"off\" aria-required=\"true\" aria-invalid=\"false\" type=\"text\" name=\"random-math-quiz\" \/><\/label><input type=\"hidden\" name=\"_wpcf7_quiz_answer_random-math-quiz\" value=\"d956588ad08d8708e8a618813a858a69\" \/><\/span>\n\t\t<\/p>\n\t\t<p>Obavezno popuniti polja ozna\u010dena sa (*)\n\t\t<\/p>\n\t\t<p style=\"margin-top: 30px;\"><input class=\"wpcf7-form-control wpcf7-submit has-spinner\" type=\"submit\" value=\"PO\u0160ALJITE PORUKU...\" \/>\n\t\t<\/p>\n\t<\/div>\n<\/div><p style=\"display: none !important;\" class=\"akismet-fields-container\" data-prefix=\"_wpcf7_ak_\"><label>&#916;<textarea name=\"_wpcf7_ak_hp_textarea\" cols=\"45\" rows=\"8\" maxlength=\"100\"><\/textarea><\/label><input type=\"hidden\" id=\"ak_js_1\" name=\"_wpcf7_ak_js\" value=\"162\"\/><script>document.getElementById( \"ak_js_1\" ).setAttribute( \"value\", ( new Date() ).getTime() );<\/script><\/p><div class=\"wpcf7-response-output\" aria-hidden=\"true\"><\/div>\n<\/form>\n<\/div>\n<\/div>\n","protected":false},"excerpt":{"rendered":"<p>OVNAK Ltd., Business center PC-96\/2,\u00a0VitezPhone: +387 30 709 800 Fax: +387 30 709 803Web page: www.ovnak.comEmail address: ovnak@ovnak.com ID number:<\/p>\n<p><a class=\"read-more\" href=\"https:\/\/ovnak.com\/en\/contact\/\">Op\u0161irnije&#8230;<\/a><\/p>\n","protected":false},"author":4,"featured_media":0,"parent":0,"menu_order":0,"comment_status":"closed","ping_status":"closed","template":"","meta":{"_acf_changed":false,"footnotes":""},"class_list":["post-1278","page","type-page","status-publish","hentry"],"acf":[],"yoast_head":"<!-- This site is optimized with the Yoast SEO Premium plugin v27.2 (Yoast SEO v27.2) - https:\/\/yoast.com\/product\/yoast-seo-premium-wordpress\/ -->\n<title>Contact - Ovnak d.o.o. Vitez<\/title>\n<meta name=\"robots\" content=\"index, follow, max-snippet:-1, max-image-preview:large, max-video-preview:-1\" \/>\n<link rel=\"canonical\" href=\"https:\/\/ovnak.com\/en\/contact\/\" \/>\n<meta property=\"og:locale\" content=\"en_US\" \/>\n<meta property=\"og:type\" content=\"article\" \/>\n<meta property=\"og:title\" content=\"Contact\" \/>\n<meta property=\"og:description\" content=\"OVNAK Ltd., Business center PC-96\/2,\u00a0VitezPhone: +387 30 709 800 Fax: +387 30 709 803Web page: www.ovnak.comEmail address: ovnak@ovnak.com ID number:Op\u0161irnije...\" \/>\n<meta property=\"og:url\" content=\"https:\/\/ovnak.com\/en\/contact\/\" \/>\n<meta property=\"og:site_name\" content=\"Ovnak d.o.o. Vitez\" \/>\n<meta property=\"article:publisher\" content=\"https:\/\/www.facebook.com\/OvnakBrandovi\/\" \/>\n<meta property=\"article:modified_time\" content=\"2025-05-27T16:00:29+00:00\" \/>\n<meta name=\"twitter:card\" content=\"summary_large_image\" \/>\n<meta name=\"twitter:label1\" content=\"Est. reading time\" \/>\n\t<meta name=\"twitter:data1\" content=\"1 minute\" \/>\n<script type=\"application\/ld+json\" class=\"yoast-schema-graph\">{\"@context\":\"https:\/\/schema.org\",\"@graph\":[{\"@type\":\"WebPage\",\"@id\":\"https:\/\/ovnak.com\/en\/contact\/\",\"url\":\"https:\/\/ovnak.com\/en\/contact\/\",\"name\":\"Contact - Ovnak d.o.o. Vitez\",\"isPartOf\":{\"@id\":\"https:\/\/ovnak.com\/#website\"},\"datePublished\":\"2025-05-27T16:00:16+00:00\",\"dateModified\":\"2025-05-27T16:00:29+00:00\",\"breadcrumb\":{\"@id\":\"https:\/\/ovnak.com\/en\/contact\/#breadcrumb\"},\"inLanguage\":\"en-US\",\"potentialAction\":[{\"@type\":\"ReadAction\",\"target\":[\"https:\/\/ovnak.com\/en\/contact\/\"]}]},{\"@type\":\"BreadcrumbList\",\"@id\":\"https:\/\/ovnak.com\/en\/contact\/#breadcrumb\",\"itemListElement\":[{\"@type\":\"ListItem\",\"position\":1,\"name\":\"Po\u010detna stranica\",\"item\":\"https:\/\/ovnak.com\/\"},{\"@type\":\"ListItem\",\"position\":2,\"name\":\"Contact\"}]},{\"@type\":\"WebSite\",\"@id\":\"https:\/\/ovnak.com\/#website\",\"url\":\"https:\/\/ovnak.com\/\",\"name\":\"Ovnak d.o.o. Vitez\",\"description\":\"Uvoz i distribucija kozmeti\u010dkih proizvoda i roba \u0161iroke potro\u0161nje za ku\u0107anstva\",\"potentialAction\":[{\"@type\":\"SearchAction\",\"target\":{\"@type\":\"EntryPoint\",\"urlTemplate\":\"https:\/\/ovnak.com\/?s={search_term_string}\"},\"query-input\":{\"@type\":\"PropertyValueSpecification\",\"valueRequired\":true,\"valueName\":\"search_term_string\"}}],\"inLanguage\":\"en-US\"}]}<\/script>\n<!-- \/ Yoast SEO Premium plugin. -->","yoast_head_json":{"title":"Contact - Ovnak d.o.o. Vitez","robots":{"index":"index","follow":"follow","max-snippet":"max-snippet:-1","max-image-preview":"max-image-preview:large","max-video-preview":"max-video-preview:-1"},"canonical":"https:\/\/ovnak.com\/en\/contact\/","og_locale":"en_US","og_type":"article","og_title":"Contact","og_description":"OVNAK Ltd., Business center PC-96\/2,\u00a0VitezPhone: +387 30 709 800 Fax: +387 30 709 803Web page: www.ovnak.comEmail address: ovnak@ovnak.com ID number:Op\u0161irnije...","og_url":"https:\/\/ovnak.com\/en\/contact\/","og_site_name":"Ovnak d.o.o. Vitez","article_publisher":"https:\/\/www.facebook.com\/OvnakBrandovi\/","article_modified_time":"2025-05-27T16:00:29+00:00","twitter_card":"summary_large_image","twitter_misc":{"Est. reading time":"1 minute"},"schema":{"@context":"https:\/\/schema.org","@graph":[{"@type":"WebPage","@id":"https:\/\/ovnak.com\/en\/contact\/","url":"https:\/\/ovnak.com\/en\/contact\/","name":"Contact - Ovnak d.o.o. Vitez","isPartOf":{"@id":"https:\/\/ovnak.com\/#website"},"datePublished":"2025-05-27T16:00:16+00:00","dateModified":"2025-05-27T16:00:29+00:00","breadcrumb":{"@id":"https:\/\/ovnak.com\/en\/contact\/#breadcrumb"},"inLanguage":"en-US","potentialAction":[{"@type":"ReadAction","target":["https:\/\/ovnak.com\/en\/contact\/"]}]},{"@type":"BreadcrumbList","@id":"https:\/\/ovnak.com\/en\/contact\/#breadcrumb","itemListElement":[{"@type":"ListItem","position":1,"name":"Po\u010detna stranica","item":"https:\/\/ovnak.com\/"},{"@type":"ListItem","position":2,"name":"Contact"}]},{"@type":"WebSite","@id":"https:\/\/ovnak.com\/#website","url":"https:\/\/ovnak.com\/","name":"Ovnak d.o.o. Vitez","description":"Uvoz i distribucija kozmeti\u010dkih proizvoda i roba \u0161iroke potro\u0161nje za ku\u0107anstva","potentialAction":[{"@type":"SearchAction","target":{"@type":"EntryPoint","urlTemplate":"https:\/\/ovnak.com\/?s={search_term_string}"},"query-input":{"@type":"PropertyValueSpecification","valueRequired":true,"valueName":"search_term_string"}}],"inLanguage":"en-US"}]}},"_links":{"self":[{"href":"https:\/\/ovnak.com\/en\/wp-json\/wp\/v2\/pages\/1278","targetHints":{"allow":["GET"]}}],"collection":[{"href":"https:\/\/ovnak.com\/en\/wp-json\/wp\/v2\/pages"}],"about":[{"href":"https:\/\/ovnak.com\/en\/wp-json\/wp\/v2\/types\/page"}],"author":[{"embeddable":true,"href":"https:\/\/ovnak.com\/en\/wp-json\/wp\/v2\/users\/4"}],"replies":[{"embeddable":true,"href":"https:\/\/ovnak.com\/en\/wp-json\/wp\/v2\/comments?post=1278"}],"version-history":[{"count":1,"href":"https:\/\/ovnak.com\/en\/wp-json\/wp\/v2\/pages\/1278\/revisions"}],"predecessor-version":[{"id":1279,"href":"https:\/\/ovnak.com\/en\/wp-json\/wp\/v2\/pages\/1278\/revisions\/1279"}],"wp:attachment":[{"href":"https:\/\/ovnak.com\/en\/wp-json\/wp\/v2\/media?parent=1278"}],"curies":[{"name":"wp","href":"https:\/\/api.w.org\/{rel}","templated":true}]}}